{"id":7,"date":"2019-07-28T08:17:47","date_gmt":"2019-07-28T08:17:47","guid":{"rendered":"https:\/\/jupiterx.artbees.net\/magazine\/?page_id=7"},"modified":"2022-10-19T23:45:23","modified_gmt":"2022-10-20T02:45:23","slug":"home","status":"publish","type":"page","link":"https:\/\/sistemafaeal.org.br\/faeal\/","title":{"rendered":"Home"},"content":{"rendered":"\t\t<div data-elementor-type=\"wp-post\" data-elementor-id=\"7\" class=\"elementor elementor-7\">\n\t\t\t\t\t\t<section class=\"elementor-section elementor-top-section elementor-element elementor-element-2bb4da4 elementor-section-boxed elementor-section-height-default elementor-section-height-default\" data-id=\"2bb4da4\" data-element_type=\"section\" data-e-type=\"section\" data-settings=\"{&quot;background_background&quot;:&quot;classic&quot;}\">\n\t\t\t\t\t\t<div class=\"elementor-container elementor-column-gap-no\">\n\t\t\t\t\t<div class=\"elementor-column elementor-col-100 elementor-top-column elementor-element elementor-element-464231a\" data-id=\"464231a\" data-element_type=\"column\" data-e-type=\"column\">\n\t\t\t<div class=\"elementor-widget-wrap elementor-element-populated\">\n\t\t\t\t\t\t<section class=\"elementor-section elementor-inner-section elementor-element elementor-element-6a66b60 elementor-section-boxed elementor-section-height-default elementor-section-height-default\" data-id=\"6a66b60\" data-element_type=\"section\" data-e-type=\"section\">\n\t\t\t\t\t\t<div class=\"elementor-container elementor-column-gap-default\">\n\t\t\t\t\t<div class=\"elementor-column elementor-col-100 elementor-inner-column elementor-element elementor-element-fb2966d\" data-id=\"fb2966d\" data-element_type=\"column\" data-e-type=\"column\">\n\t\t\t<div class=\"elementor-widget-wrap\">\n\t\t\t\t\t\t\t<\/div>\n\t\t<\/div>\n\t\t\t\t\t<\/div>\n\t\t<\/section>\n\t\t\t\t\t<\/div>\n\t\t<\/div>\n\t\t\t\t\t<\/div>\n\t\t<\/section>\n\t\t\t\t<section class=\"elementor-section elementor-top-section elementor-element elementor-element-c0181fd elementor-section-boxed elementor-section-height-default elementor-section-height-default\" data-id=\"c0181fd\" data-element_type=\"section\" data-e-type=\"section\">\n\t\t\t\t\t\t<div class=\"elementor-container elementor-column-gap-default\">\n\t\t\t\t\t<div class=\"elementor-column elementor-col-100 elementor-top-column elementor-element elementor-element-6986033\" data-id=\"6986033\" data-element_type=\"column\" data-e-type=\"column\">\n\t\t\t<div class=\"elementor-widget-wrap elementor-element-populated\">\n\t\t\t\t\t\t<section class=\"elementor-section elementor-inner-section elementor-element elementor-element-a3ae146 elementor-section-boxed elementor-section-height-default elementor-section-height-default\" data-id=\"a3ae146\" data-element_type=\"section\" data-e-type=\"section\">\n\t\t\t\t\t\t<div class=\"elementor-container elementor-column-gap-default\">\n\t\t\t\t\t<div class=\"elementor-column elementor-col-50 elementor-inner-column elementor-element elementor-element-7b36939\" data-id=\"7b36939\" data-element_type=\"column\" data-e-type=\"column\">\n\t\t\t<div class=\"elementor-widget-wrap elementor-element-populated\">\n\t\t\t\t\t\t<div class=\"elementor-element elementor-element-492bdf2 elementor-align-justify elementor-widget elementor-widget-button\" data-id=\"492bdf2\" data-element_type=\"widget\" data-e-type=\"widget\" data-widget_type=\"button.default\">\n\t\t\t\t<div class=\"elementor-widget-container\">\n\t\t\t\t\t\t\t\t\t<div class=\"elementor-button-wrapper\">\n\t\t\t\t\t<a class=\"elementor-button elementor-size-sm\" role=\"button\">\n\t\t\t\t\t\t<span class=\"elementor-button-content-wrapper\">\n\t\t\t\t\t\t\t\t\t<span class=\"elementor-button-text\">NOT\u00cdCIAS<\/span>\n\t\t\t\t\t<\/span>\n\t\t\t\t\t<\/a>\n\t\t\t\t<\/div>\n\t\t\t\t\t\t\t\t<\/div>\n\t\t\t\t<\/div>\n\t\t\t\t<div class=\"elementor-element elementor-element-e63a96d elementor-widget elementor-widget-raven-posts\" data-id=\"e63a96d\" data-element_type=\"widget\" data-e-type=\"widget\" data-settings=\"{&quot;classic_show_pagination&quot;:&quot;yes&quot;,&quot;_skin&quot;:&quot;classic&quot;,&quot;classic_layout&quot;:&quot;grid&quot;,&quot;classic_columns&quot;:&quot;3&quot;,&quot;classic_columns_tablet&quot;:&quot;2&quot;,&quot;classic_columns_mobile&quot;:&quot;1&quot;,&quot;query_posts_per_page&quot;:6,&quot;classic_pagination_type&quot;:&quot;page_based&quot;,&quot;query_offset&quot;:0}\" data-widget_type=\"raven-posts.classic\">\n\t\t\t\t<div class=\"elementor-widget-container\">\n\t\t\t\t\t\t\t<div class=\"raven-posts raven-grid raven-grid-3 raven-grid-mobile-1 raven-grid-tablet-2\" data-post-id=\"7\" data-archive-query=\"\" data-lang=\"\">\n\t\t\t\t<div class=\"raven-grid-item raven-post-item post-2702 post type-post status-publish format-standard has-post-thumbnail hentry category-economia category-faeal category-legislacao category-noticias\">\n\t\t\t<div class=\"raven-post\">\n\t\t\t\t\t\t<div class=\"raven-post-image-wrap\">\n\t\t\t<a class=\"raven-post-image raven-image-fit\" href=\"https:\/\/sistemafaeal.org.br\/faeal\/sistema-faeal-senar-destaca-sucesso-de-palestra-sobre-reforma-tributaria\/\"><img fetchpriority=\"high\" decoding=\"async\" width=\"1024\" height=\"768\" src=\"https:\/\/sistemafaeal.org.br\/faeal\/wp-content\/uploads\/2026\/03\/atevc-1024x768.jpeg\" class=\"attachment-large size-large wp-image-2682\" alt=\"\" srcset=\"https:\/\/sistemafaeal.org.br\/faeal\/wp-content\/uploads\/2026\/03\/atevc-1024x768.jpeg 1024w, https:\/\/sistemafaeal.org.br\/faeal\/wp-content\/uploads\/2026\/03\/atevc-300x225.jpeg 300w, https:\/\/sistemafaeal.org.br\/faeal\/wp-content\/uploads\/2026\/03\/atevc-768x576.jpeg 768w, https:\/\/sistemafaeal.org.br\/faeal\/wp-content\/uploads\/2026\/03\/atevc.jpeg 1280w\" sizes=\"(max-width: 1024px) 100vw, 1024px\" \/> <span class=\"raven-post-image-overlay\"><\/span><\/a>\t\t<\/div>\n\t\t\t\t\t\t<div class=\"raven-post-content\">\n\t\t\t\t\t<h6 class=\"raven-post-title\"><a class=\"raven-post-title-link\" href=\"https:\/\/sistemafaeal.org.br\/faeal\/sistema-faeal-senar-destaca-sucesso-de-palestra-sobre-reforma-tributaria\/\">Sistema Faeal\/Senar destaca sucesso de palestra sobre reforma tribut\u00e1ria<\/a><\/h6>\t\t<div class=\"raven-post-read-more\">\n\t\t\t<a class=\"raven-post-button\" href=\"https:\/\/sistemafaeal.org.br\/faeal\/sistema-faeal-senar-destaca-sucesso-de-palestra-sobre-reforma-tributaria\/\"><span class=\"raven-post-button-text\"><\/span><\/a>\n\t\t<\/div>\n\t\t\t\t\t\t<\/div>\n\t\t\t<\/div>\n\t\t<\/div>\n\t\t\t\t<div class=\"raven-grid-item raven-post-item post-2696 post type-post status-publish format-standard has-post-thumbnail hentry category-sem-categoria\">\n\t\t\t<div class=\"raven-post\">\n\t\t\t\t\t\t<div class=\"raven-post-image-wrap\">\n\t\t\t<a class=\"raven-post-image raven-image-fit\" href=\"https:\/\/sistemafaeal.org.br\/faeal\/senador-renan-calheiros-atende-solicitacao-da-faeal-e-propoe-renegociacao-de-r-82-bi-em-dividas-de-produtores-rurais\/\"><img decoding=\"async\" width=\"1024\" height=\"768\" src=\"https:\/\/sistemafaeal.org.br\/faeal\/wp-content\/uploads\/2026\/04\/renan-1024x768.jpeg\" class=\"attachment-large size-large wp-image-2689\" alt=\"\" srcset=\"https:\/\/sistemafaeal.org.br\/faeal\/wp-content\/uploads\/2026\/04\/renan-1024x768.jpeg 1024w, https:\/\/sistemafaeal.org.br\/faeal\/wp-content\/uploads\/2026\/04\/renan-300x225.jpeg 300w, https:\/\/sistemafaeal.org.br\/faeal\/wp-content\/uploads\/2026\/04\/renan-768x576.jpeg 768w, https:\/\/sistemafaeal.org.br\/faeal\/wp-content\/uploads\/2026\/04\/renan.jpeg 1280w\" sizes=\"(max-width: 1024px) 100vw, 1024px\" \/> <span class=\"raven-post-image-overlay\"><\/span><\/a>\t\t<\/div>\n\t\t\t\t\t\t<div class=\"raven-post-content\">\n\t\t\t\t\t<h6 class=\"raven-post-title\"><a class=\"raven-post-title-link\" href=\"https:\/\/sistemafaeal.org.br\/faeal\/senador-renan-calheiros-atende-solicitacao-da-faeal-e-propoe-renegociacao-de-r-82-bi-em-dividas-de-produtores-rurais\/\">Senador Renan Calheiros atende solicita\u00e7\u00e3o da Faeal e prop\u00f5e renegocia\u00e7\u00e3o de R$ 82 bi em d\u00edvidas de produtores rurais<\/a><\/h6>\t\t<div class=\"raven-post-read-more\">\n\t\t\t<a class=\"raven-post-button\" href=\"https:\/\/sistemafaeal.org.br\/faeal\/senador-renan-calheiros-atende-solicitacao-da-faeal-e-propoe-renegociacao-de-r-82-bi-em-dividas-de-produtores-rurais\/\"><span class=\"raven-post-button-text\"><\/span><\/a>\n\t\t<\/div>\n\t\t\t\t\t\t<\/div>\n\t\t\t<\/div>\n\t\t<\/div>\n\t\t\t\t<div class=\"raven-grid-item raven-post-item post-2688 post type-post status-publish format-standard has-post-thumbnail hentry category-economia category-faeal category-legislacao category-noticias\">\n\t\t\t<div class=\"raven-post\">\n\t\t\t\t\t\t<div class=\"raven-post-image-wrap\">\n\t\t\t<a class=\"raven-post-image raven-image-fit\" href=\"https:\/\/sistemafaeal.org.br\/faeal\/presidente-da-federacao-da-agricultura-de-alagoas-alvaro-almeida-assegura-apoio-do-senador-renan-calheiros-para-aprovar-subvencao-economica-aos-produtores-de-cana-de-acucar-do-nordeste-no-congresso-na\/\"><img decoding=\"async\" width=\"1024\" height=\"768\" src=\"https:\/\/sistemafaeal.org.br\/faeal\/wp-content\/uploads\/2026\/04\/renan-1024x768.jpeg\" class=\"attachment-large size-large wp-image-2689\" alt=\"\" srcset=\"https:\/\/sistemafaeal.org.br\/faeal\/wp-content\/uploads\/2026\/04\/renan-1024x768.jpeg 1024w, https:\/\/sistemafaeal.org.br\/faeal\/wp-content\/uploads\/2026\/04\/renan-300x225.jpeg 300w, https:\/\/sistemafaeal.org.br\/faeal\/wp-content\/uploads\/2026\/04\/renan-768x576.jpeg 768w, https:\/\/sistemafaeal.org.br\/faeal\/wp-content\/uploads\/2026\/04\/renan.jpeg 1280w\" sizes=\"(max-width: 1024px) 100vw, 1024px\" \/> <span class=\"raven-post-image-overlay\"><\/span><\/a>\t\t<\/div>\n\t\t\t\t\t\t<div class=\"raven-post-content\">\n\t\t\t\t\t<h6 class=\"raven-post-title\"><a class=\"raven-post-title-link\" href=\"https:\/\/sistemafaeal.org.br\/faeal\/presidente-da-federacao-da-agricultura-de-alagoas-alvaro-almeida-assegura-apoio-do-senador-renan-calheiros-para-aprovar-subvencao-economica-aos-produtores-de-cana-de-acucar-do-nordeste-no-congresso-na\/\">Presidente da Federa\u00e7\u00e3o da Agricultura \u00c1lvaro Almeida assegura apoio do senador Renan Calheiros para aprovar subven\u00e7\u00e3o econ\u00f4mica aos produtores de cana<\/a><\/h6>\t\t<div class=\"raven-post-read-more\">\n\t\t\t<a class=\"raven-post-button\" href=\"https:\/\/sistemafaeal.org.br\/faeal\/presidente-da-federacao-da-agricultura-de-alagoas-alvaro-almeida-assegura-apoio-do-senador-renan-calheiros-para-aprovar-subvencao-economica-aos-produtores-de-cana-de-acucar-do-nordeste-no-congresso-na\/\"><span class=\"raven-post-button-text\"><\/span><\/a>\n\t\t<\/div>\n\t\t\t\t\t\t<\/div>\n\t\t\t<\/div>\n\t\t<\/div>\n\t\t\t\t<div class=\"raven-grid-item raven-post-item post-2684 post type-post status-publish format-standard has-post-thumbnail hentry category-economia category-faeal category-noticias\">\n\t\t\t<div class=\"raven-post\">\n\t\t\t\t\t\t<div class=\"raven-post-image-wrap\">\n\t\t\t<a class=\"raven-post-image raven-image-fit\" href=\"https:\/\/sistemafaeal.org.br\/faeal\/sistema-faeal-senar-participa-de-debate-nacional-sobre-futuro-da-cadeia-do-leite\/\"><img decoding=\"async\" width=\"947\" height=\"1024\" src=\"https:\/\/sistemafaeal.org.br\/faeal\/wp-content\/uploads\/2026\/03\/ramalho-947x1024.jpeg\" class=\"attachment-large size-large wp-image-2685\" alt=\"\" srcset=\"https:\/\/sistemafaeal.org.br\/faeal\/wp-content\/uploads\/2026\/03\/ramalho-947x1024.jpeg 947w, https:\/\/sistemafaeal.org.br\/faeal\/wp-content\/uploads\/2026\/03\/ramalho-278x300.jpeg 278w, https:\/\/sistemafaeal.org.br\/faeal\/wp-content\/uploads\/2026\/03\/ramalho-768x830.jpeg 768w, https:\/\/sistemafaeal.org.br\/faeal\/wp-content\/uploads\/2026\/03\/ramalho.jpeg 1184w\" sizes=\"(max-width: 947px) 100vw, 947px\" \/> <span class=\"raven-post-image-overlay\"><\/span><\/a>\t\t<\/div>\n\t\t\t\t\t\t<div class=\"raven-post-content\">\n\t\t\t\t\t<h6 class=\"raven-post-title\"><a class=\"raven-post-title-link\" href=\"https:\/\/sistemafaeal.org.br\/faeal\/sistema-faeal-senar-participa-de-debate-nacional-sobre-futuro-da-cadeia-do-leite\/\">Sistema Faeal\/Senar participa de debate nacional sobre futuro da cadeia do leite<\/a><\/h6>\t\t<div class=\"raven-post-read-more\">\n\t\t\t<a class=\"raven-post-button\" href=\"https:\/\/sistemafaeal.org.br\/faeal\/sistema-faeal-senar-participa-de-debate-nacional-sobre-futuro-da-cadeia-do-leite\/\"><span class=\"raven-post-button-text\"><\/span><\/a>\n\t\t<\/div>\n\t\t\t\t\t\t<\/div>\n\t\t\t<\/div>\n\t\t<\/div>\n\t\t\t\t<div class=\"raven-grid-item raven-post-item post-2681 post type-post status-publish format-standard has-post-thumbnail hentry category-economia category-faeal category-legislacao category-noticias category-sindicatos\">\n\t\t\t<div class=\"raven-post\">\n\t\t\t\t\t\t<div class=\"raven-post-image-wrap\">\n\t\t\t<a class=\"raven-post-image raven-image-fit\" href=\"https:\/\/sistemafaeal.org.br\/faeal\/federacao-da-agricultura-e-pecuaria-orienta-produtores-rurais-sobre-impostos-previdencia-e-cria-o-programa-faeal-vai-ate-voce\/\"><img fetchpriority=\"high\" decoding=\"async\" width=\"1024\" height=\"768\" src=\"https:\/\/sistemafaeal.org.br\/faeal\/wp-content\/uploads\/2026\/03\/atevc-1024x768.jpeg\" class=\"attachment-large size-large wp-image-2682\" alt=\"\" srcset=\"https:\/\/sistemafaeal.org.br\/faeal\/wp-content\/uploads\/2026\/03\/atevc-1024x768.jpeg 1024w, https:\/\/sistemafaeal.org.br\/faeal\/wp-content\/uploads\/2026\/03\/atevc-300x225.jpeg 300w, https:\/\/sistemafaeal.org.br\/faeal\/wp-content\/uploads\/2026\/03\/atevc-768x576.jpeg 768w, https:\/\/sistemafaeal.org.br\/faeal\/wp-content\/uploads\/2026\/03\/atevc.jpeg 1280w\" sizes=\"(max-width: 1024px) 100vw, 1024px\" \/> <span class=\"raven-post-image-overlay\"><\/span><\/a>\t\t<\/div>\n\t\t\t\t\t\t<div class=\"raven-post-content\">\n\t\t\t\t\t<h6 class=\"raven-post-title\"><a class=\"raven-post-title-link\" href=\"https:\/\/sistemafaeal.org.br\/faeal\/federacao-da-agricultura-e-pecuaria-orienta-produtores-rurais-sobre-impostos-previdencia-e-cria-o-programa-faeal-vai-ate-voce\/\">Federa\u00e7\u00e3o da Agricultura e Pecu\u00e1ria orienta produtores rurais sobre impostos, previd\u00eancia e cria o programa Faeal Vai At\u00e9 Voc\u00ea<\/a><\/h6>\t\t<div class=\"raven-post-read-more\">\n\t\t\t<a class=\"raven-post-button\" href=\"https:\/\/sistemafaeal.org.br\/faeal\/federacao-da-agricultura-e-pecuaria-orienta-produtores-rurais-sobre-impostos-previdencia-e-cria-o-programa-faeal-vai-ate-voce\/\"><span class=\"raven-post-button-text\"><\/span><\/a>\n\t\t<\/div>\n\t\t\t\t\t\t<\/div>\n\t\t\t<\/div>\n\t\t<\/div>\n\t\t\t\t<div class=\"raven-grid-item raven-post-item post-2675 post type-post status-publish format-standard has-post-thumbnail hentry category-economia category-faeal category-noticias\">\n\t\t\t<div class=\"raven-post\">\n\t\t\t\t\t\t<div class=\"raven-post-image-wrap\">\n\t\t\t<a class=\"raven-post-image raven-image-fit\" href=\"https:\/\/sistemafaeal.org.br\/faeal\/modelo-de-convenio-entre-senar-e-sebrae-para-assistencia-tecnica-a-produtores-rurais-alagoanos-pode-ser-replicado-em-sergipe\/\"><img loading=\"lazy\" decoding=\"async\" width=\"1024\" height=\"1024\" src=\"https:\/\/sistemafaeal.org.br\/faeal\/wp-content\/uploads\/2026\/03\/sistema02-1024x1024.jpeg\" class=\"attachment-large size-large wp-image-2676\" alt=\"\" srcset=\"https:\/\/sistemafaeal.org.br\/faeal\/wp-content\/uploads\/2026\/03\/sistema02-1024x1024.jpeg 1024w, https:\/\/sistemafaeal.org.br\/faeal\/wp-content\/uploads\/2026\/03\/sistema02-300x300.jpeg 300w, https:\/\/sistemafaeal.org.br\/faeal\/wp-content\/uploads\/2026\/03\/sistema02-150x150.jpeg 150w, https:\/\/sistemafaeal.org.br\/faeal\/wp-content\/uploads\/2026\/03\/sistema02-768x768.jpeg 768w, https:\/\/sistemafaeal.org.br\/faeal\/wp-content\/uploads\/2026\/03\/sistema02.jpeg 1280w\" sizes=\"(max-width: 1024px) 100vw, 1024px\" \/> <span class=\"raven-post-image-overlay\"><\/span><\/a>\t\t<\/div>\n\t\t\t\t\t\t<div class=\"raven-post-content\">\n\t\t\t\t\t<h6 class=\"raven-post-title\"><a class=\"raven-post-title-link\" href=\"https:\/\/sistemafaeal.org.br\/faeal\/modelo-de-convenio-entre-senar-e-sebrae-para-assistencia-tecnica-a-produtores-rurais-alagoanos-pode-ser-replicado-em-sergipe\/\">Modelo de conv\u00eanio entre Senar e Sebrae para assist\u00eancia t\u00e9cnica a produtores alagoanos pode ser replicado em Sergipe\u00a0<\/a><\/h6>\t\t<div class=\"raven-post-read-more\">\n\t\t\t<a class=\"raven-post-button\" href=\"https:\/\/sistemafaeal.org.br\/faeal\/modelo-de-convenio-entre-senar-e-sebrae-para-assistencia-tecnica-a-produtores-rurais-alagoanos-pode-ser-replicado-em-sergipe\/\"><span class=\"raven-post-button-text\"><\/span><\/a>\n\t\t<\/div>\n\t\t\t\t\t\t<\/div>\n\t\t\t<\/div>\n\t\t<\/div>\n\t\t\t\t<\/div>\n\t\t\t\t<div class=\"raven-pagination\" data-settings=\"{&quot;posts_per_page&quot;:6,&quot;total_pages&quot;:27,&quot;pages_visible&quot;:7}\">\n\t\t\t<div class=\"raven-pagination-items\">\n\t\t\t\t<a class=\"raven-pagination-prev raven-pagination-item raven-pagination-disabled\" href=\"#\">&laquo; Anterior<\/a><a class=\"raven-pagination-num raven-pagination-item raven-pagination-active\" href=\"#\" data-page-num=\"1\">1<\/a><a class=\"raven-pagination-num raven-pagination-item\" href=\"#\" data-page-num=\"2\">2<\/a><a class=\"raven-pagination-num raven-pagination-item\" href=\"#\" data-page-num=\"3\">3<\/a><a class=\"raven-pagination-num raven-pagination-item\" href=\"#\" data-page-num=\"4\">4<\/a><a class=\"raven-pagination-num raven-pagination-item\" href=\"#\" data-page-num=\"5\">5<\/a><a class=\"raven-pagination-num raven-pagination-item\" href=\"#\" data-page-num=\"6\">6<\/a><a class=\"raven-pagination-num raven-pagination-item\" href=\"#\" data-page-num=\"7\">7<\/a><a class=\"raven-pagination-next raven-pagination-item\" href=\"#\">Pr\u00f3xima &raquo;<\/a>\t\t\t<\/div>\n\t\t<\/div>\n\t\t\t\t\t\t<\/div>\n\t\t\t\t<\/div>\n\t\t\t\t\t<\/div>\n\t\t<\/div>\n\t\t\t\t<div class=\"elementor-column elementor-col-50 elementor-inner-column elementor-element elementor-element-3dbfe4a\" data-id=\"3dbfe4a\" data-element_type=\"column\" data-e-type=\"column\">\n\t\t\t<div class=\"elementor-widget-wrap elementor-element-populated\">\n\t\t\t\t\t\t<div class=\"elementor-element elementor-element-2b55eb3 elementor-widget elementor-widget-image\" data-id=\"2b55eb3\" data-element_type=\"widget\" data-e-type=\"widget\" data-widget_type=\"image.default\">\n\t\t\t\t<div class=\"elementor-widget-container\">\n\t\t\t\t\t\t\t\t\t\t\t\t\t\t\t\t<a href=\"https:\/\/www.cnabrasil.org.br\/contribuicao-sindical\">\n\t\t\t\t\t\t\t<img loading=\"lazy\" decoding=\"async\" width=\"1024\" height=\"1024\" src=\"https:\/\/sistemafaeal.org.br\/faeal\/wp-content\/uploads\/2022\/02\/CONTRIBUICAO-SINDICAL-RURAL-1024x1024.jpg\" class=\"attachment-large size-large wp-image-1523\" alt=\"\" srcset=\"https:\/\/sistemafaeal.org.br\/faeal\/wp-content\/uploads\/2022\/02\/CONTRIBUICAO-SINDICAL-RURAL-1024x1024.jpg 1024w, https:\/\/sistemafaeal.org.br\/faeal\/wp-content\/uploads\/2022\/02\/CONTRIBUICAO-SINDICAL-RURAL-300x300.jpg 300w, https:\/\/sistemafaeal.org.br\/faeal\/wp-content\/uploads\/2022\/02\/CONTRIBUICAO-SINDICAL-RURAL-150x150.jpg 150w, https:\/\/sistemafaeal.org.br\/faeal\/wp-content\/uploads\/2022\/02\/CONTRIBUICAO-SINDICAL-RURAL-768x768.jpg 768w, https:\/\/sistemafaeal.org.br\/faeal\/wp-content\/uploads\/2022\/02\/CONTRIBUICAO-SINDICAL-RURAL-500x500.jpg 500w, https:\/\/sistemafaeal.org.br\/faeal\/wp-content\/uploads\/2022\/02\/CONTRIBUICAO-SINDICAL-RURAL.jpg 1080w\" sizes=\"(max-width: 1024px) 100vw, 1024px\" \/>\t\t\t\t\t\t\t\t<\/a>\n\t\t\t\t\t\t\t\t\t\t\t\t\t\t\t<\/div>\n\t\t\t\t<\/div>\n\t\t\t\t<div class=\"elementor-element elementor-element-ac2e5ec elementor-widget elementor-widget-spacer\" data-id=\"ac2e5ec\" data-element_type=\"widget\" data-e-type=\"widget\" data-widget_type=\"spacer.default\">\n\t\t\t\t<div class=\"elementor-widget-container\">\n\t\t\t\t\t\t\t<div class=\"elementor-spacer\">\n\t\t\t<div class=\"elementor-spacer-inner\"><\/div>\n\t\t<\/div>\n\t\t\t\t\t\t<\/div>\n\t\t\t\t<\/div>\n\t\t\t\t<div class=\"elementor-element elementor-element-a2e7269 elementor-widget elementor-widget-html\" data-id=\"a2e7269\" data-element_type=\"widget\" data-e-type=\"widget\" data-widget_type=\"html.default\">\n\t\t\t\t<div class=\"elementor-widget-container\">\n\t\t\t\t\t<iframe src=\"https:\/\/sistemafaeal.org.br\/faeal\/coluna-do-produtor-inicial\/\" scrolling=no height=\"380\"><\/iframe>\t\t\t\t<\/div>\n\t\t\t\t<\/div>\n\t\t\t\t<div class=\"elementor-element elementor-element-5ed8f89 elementor-align-justify elementor-widget elementor-widget-button\" data-id=\"5ed8f89\" data-element_type=\"widget\" data-e-type=\"widget\" data-widget_type=\"button.default\">\n\t\t\t\t<div class=\"elementor-widget-container\">\n\t\t\t\t\t\t\t\t\t<div class=\"elementor-button-wrapper\">\n\t\t\t\t\t<a class=\"elementor-button elementor-size-sm\" role=\"button\">\n\t\t\t\t\t\t<span class=\"elementor-button-content-wrapper\">\n\t\t\t\t\t\t\t\t\t<span class=\"elementor-button-text\">COTA\u00c7\u00c3O<\/span>\n\t\t\t\t\t<\/span>\n\t\t\t\t\t<\/a>\n\t\t\t\t<\/div>\n\t\t\t\t\t\t\t\t<\/div>\n\t\t\t\t<\/div>\n\t\t\t\t<div class=\"elementor-element elementor-element-571c10d raven-tabs-mobile-stacking-yes raven-advanced-tab-icon-position-left elementor-widget elementor-widget-raven-tabs\" data-id=\"571c10d\" data-element_type=\"widget\" data-e-type=\"widget\" data-settings=\"{&quot;tabs_pane_animation&quot;:&quot;none&quot;,&quot;tabs_event&quot;:&quot;click&quot;,&quot;auto_switch&quot;:&quot;label_off&quot;,&quot;scroll_to_beginning&quot;:&quot;yes&quot;}\" data-widget_type=\"raven-tabs.default\">\n\t\t\t\t<div class=\"elementor-widget-container\">\n\t\t\t\t\t\t\t<div class=\"raven-widget-wrapper\">\n\t\t\t<div class=\"raven-tabs raven-tabs-horizontal raven-tabs-card\">\n\t\t\t\t<div class=\"raven-tabs-list\" role=\"tablist\">\n\t\t\t\t\t\t\t\t\t\t\t<div id=\"raven-tabs-title-9131\" class=\"raven-tabs-title raven-tabs-desktop-title raven-tabs-active raven-tabs-has-icon\" role=\"tab\" aria-controls=\"raven-tabs-content-9131\" tabindex=\"-1\" data-tab=\"1\">\n\t\t\t\t\t\t\t\t\t\t<span class=\"raven-tabs-title-icon\">\n\t\t\t\t\t\t\t<\/span>\n\t\t\t\t\t\t\t\t\t\t<span class=\"raven-tabs-title-text\">Agricultura<\/span>\n\t\t\t\t\t\t<\/div>\n\t\t\t\t\t\t\t\t\t\t\t<div id=\"raven-tabs-title-9132\" class=\"raven-tabs-title raven-tabs-desktop-title raven-tabs-has-icon\" role=\"tab\" aria-controls=\"raven-tabs-content-9132\" tabindex=\"-1\" data-tab=\"2\">\n\t\t\t\t\t\t\t\t\t\t<span class=\"raven-tabs-title-icon\">\n\t\t\t\t\t\t\t<\/span>\n\t\t\t\t\t\t\t\t\t\t<span class=\"raven-tabs-title-text\">Pecu\u00e1ria<\/span>\n\t\t\t\t\t\t<\/div>\n\t\t\t\t\t\t\t\t\t<\/div>\n\t\t\t\t<div class=\"raven-tabs-content-wrapper\">\n\t\t\t\t\t\t\n\t\t\t\t\t\t<div class=\"raven-tabs-title raven-tabs-mobile-title raven-tabs-active raven-tabs-has-icon\" role=\"tab\" tabindex=\"-1\" data-tab=\"1\">\n\t\t\t\t\t\t\t<span class=\"raven-tabs-title-icon\">\n\t\t\t\t\t\t\t<\/span>\n\t\t\t\t\t\t\t<span class=\"raven-tabs-title-text\">Agricultura<\/span>\n\t\t\t<\/div>\n\t\t\t\t\t\t<div id=\"raven-tabs-content-9131\" class=\"raven-tabs-content elementor-clearfix raven-tabs-active\" role=\"tabpanel\" aria-labelledby=\"raven-tabs-title-9131\" data-tab=\"1\">\n\t\t\t\t<div class=\"raven-animations-none is-simple-content\">\n\t\t\t\t<iframe src=\"https:\/\/www.sistemafaeal.org.br\/senar\/cotacao-agricola\/\"><\/iframe>\t\t\t\t<\/div>\n\t\t\t<\/div>\n\t\t\t\n\t\t\t\t\t\t<div class=\"raven-tabs-title raven-tabs-mobile-title raven-tabs-has-icon\" role=\"tab\" tabindex=\"-1\" data-tab=\"2\">\n\t\t\t\t\t\t\t<span class=\"raven-tabs-title-icon\">\n\t\t\t\t\t\t\t<\/span>\n\t\t\t\t\t\t\t<span class=\"raven-tabs-title-text\">Pecu\u00e1ria<\/span>\n\t\t\t<\/div>\n\t\t\t\t\t\t<div id=\"raven-tabs-content-9132\" class=\"raven-tabs-content elementor-clearfix\" role=\"tabpanel\" aria-labelledby=\"raven-tabs-title-9132\" data-tab=\"2\">\n\t\t\t\t<div class=\"raven-animations-none is-simple-content\">\n\t\t\t\t<iframe src=\"https:\/\/www.sistemafaeal.org.br\/senar\/cotacao-pecuaria\/\" height=\"250px\"><\/iframe>\t\t\t\t<\/div>\n\t\t\t<\/div>\n\t\t\t\t\t\t\t<\/div>\n\t\t\t<\/div>\n\t\t<\/div>\n\t\t\t\t\t\t<\/div>\n\t\t\t\t<\/div>\n\t\t\t\t\t<\/div>\n\t\t<\/div>\n\t\t\t\t\t<\/div>\n\t\t<\/section>\n\t\t\t\t\t<\/div>\n\t\t<\/div>\n\t\t\t\t\t<\/div>\n\t\t<\/section>\n\t\t\t\t<section class=\"elementor-section elementor-top-section elementor-element elementor-element-528b43e elementor-section-boxed elementor-section-height-default elementor-section-height-default\" data-id=\"528b43e\" data-element_type=\"section\" data-e-type=\"section\">\n\t\t\t\t\t\t<div class=\"elementor-container elementor-column-gap-default\">\n\t\t\t\t\t<div class=\"elementor-column elementor-col-100 elementor-top-column elementor-element elementor-element-7498388\" data-id=\"7498388\" data-element_type=\"column\" data-e-type=\"column\">\n\t\t\t<div class=\"elementor-widget-wrap\">\n\t\t\t\t\t\t\t<\/div>\n\t\t<\/div>\n\t\t\t\t\t<\/div>\n\t\t<\/section>\n\t\t\t\t<\/div>\n\t\t","protected":false},"excerpt":{"rendered":"<p>NOT\u00cdCIAS Presidente da Faeal \u00e9 homenageado pela Seagra no Dia do Engenheiro Agr\u00f4nomo Federa\u00e7\u00e3o da Agricultura e Pecu\u00e1ria lamenta morte do dirigente Ricardo Barbosa Produtores rurais t\u00eam at\u00e9 o pr\u00f3ximo dia 30 para enviar a declara\u00e7\u00e3o do ITR 2022 Setor produtivo fecha s\u00e9rie de conversas com candidatos ao governo de Alagoas Reivindica\u00e7\u00f5es do agroneg\u00f3cio s\u00e3o [&hellip;]<\/p>\n","protected":false},"author":1,"featured_media":0,"parent":0,"menu_order":0,"comment_status":"closed","ping_status":"closed","template":"full-width.php","meta":{"_acf_changed":false,"footnotes":""},"class_list":["post-7","page","type-page","status-publish","hentry"],"acf":[],"_links":{"self":[{"href":"https:\/\/sistemafaeal.org.br\/faeal\/wp-json\/wp\/v2\/pages\/7","targetHints":{"allow":["GET"]}}],"collection":[{"href":"https:\/\/sistemafaeal.org.br\/faeal\/wp-json\/wp\/v2\/pages"}],"about":[{"href":"https:\/\/sistemafaeal.org.br\/faeal\/wp-json\/wp\/v2\/types\/page"}],"author":[{"embeddable":true,"href":"https:\/\/sistemafaeal.org.br\/faeal\/wp-json\/wp\/v2\/users\/1"}],"replies":[{"embeddable":true,"href":"https:\/\/sistemafaeal.org.br\/faeal\/wp-json\/wp\/v2\/comments?post=7"}],"version-history":[{"count":157,"href":"https:\/\/sistemafaeal.org.br\/faeal\/wp-json\/wp\/v2\/pages\/7\/revisions"}],"predecessor-version":[{"id":1722,"href":"https:\/\/sistemafaeal.org.br\/faeal\/wp-json\/wp\/v2\/pages\/7\/revisions\/1722"}],"wp:attachment":[{"href":"https:\/\/sistemafaeal.org.br\/faeal\/wp-json\/wp\/v2\/media?parent=7"}],"curies":[{"name":"wp","href":"https:\/\/api.w.org\/{rel}","templated":true}]}}