{"id":1269,"date":"2021-09-23T21:41:03","date_gmt":"2021-09-24T00:41:03","guid":{"rendered":"https:\/\/sistemafaeal.org.br\/faeal\/?page_id=1269"},"modified":"2025-11-26T17:03:43","modified_gmt":"2025-11-26T20:03:43","slug":"diretoria","status":"publish","type":"page","link":"https:\/\/sistemafaeal.org.br\/faeal\/diretoria\/","title":{"rendered":"Diretoria"},"content":{"rendered":"\t\t<div data-elementor-type=\"wp-page\" data-elementor-id=\"1269\" class=\"elementor elementor-1269\">\n\t\t\t\t\t\t<section class=\"elementor-section elementor-top-section elementor-element elementor-element-38d631a9 elementor-section-boxed elementor-section-height-default elementor-section-height-default\" data-id=\"38d631a9\" data-element_type=\"section\" data-e-type=\"section\">\n\t\t\t\t\t\t<div class=\"elementor-container elementor-column-gap-default\">\n\t\t\t\t\t<div class=\"elementor-column elementor-col-100 elementor-top-column elementor-element elementor-element-1db83c02\" data-id=\"1db83c02\" data-element_type=\"column\" data-e-type=\"column\">\n\t\t\t<div class=\"elementor-widget-wrap elementor-element-populated\">\n\t\t\t\t\t\t<div class=\"elementor-element elementor-element-6c1ab8db elementor-widget elementor-widget-text-editor\" data-id=\"6c1ab8db\" data-element_type=\"widget\" data-e-type=\"widget\" data-widget_type=\"text-editor.default\">\n\t\t\t\t<div class=\"elementor-widget-container\">\n\t\t\t\t\t\t\t\t\t<table border=\"0\" width=\"100%\" cellspacing=\"0\" cellpadding=\"3\" bgcolor=\"#D0EAD2\"><tbody><tr><td class=\"barr_titulos\" align=\"left\" valign=\"middle\">Diretoria da Faeal &#8211; quadri\u00eanio 2022\/2026<\/td><\/tr><\/tbody><\/table><table border=\"1\" width=\"100%\" cellpadding=\"1\" align=\"center\"><tbody><tr><td colspan=\"2\" align=\"left\" bgcolor=\"white\">\u00a0<\/td><\/tr><tr><td class=\"tema2\" align=\"left\" bgcolor=\"white\" width=\"46%\">Presidente:<\/td><td bgcolor=\"white\" width=\"54%\"><p class=\"tema2\">Vice:<\/p><\/td><\/tr><tr><td align=\"left\" valign=\"top\" bgcolor=\"e1e1e1\" width=\"46%\" height=\"113\"><span style=\"font-family: Arial,Helvetica;\">\u00c1lvaro Arthur Lopes de Almeida<\/span><\/td><td bgcolor=\"e1e1e1\" width=\"54%\"><span style=\"font-family: Arial,Helvetica;\">1\u00ba Francisco Edilson Maia da Costa<br \/>2\u00ba Murilo Rezende<br \/>3\u00ba Luiz Alves Ribeiro<br \/>4\u00ba Andr\u00e9 Gama Ramalho<br \/><\/span><\/td><\/tr><tr><td class=\"tema2\" align=\"left\" bgcolor=\"white\" width=\"46%\">\u00a0<\/td><td class=\"tema2\" bgcolor=\"white\" width=\"54%\">\u00a0<\/td><\/tr><tr><td align=\"left\" bgcolor=\"e1e1e1\" width=\"46%\"><span style=\"font-family: Arial,Helvetica;\">Secret\u00e1rio: Nielson Correia Barros<\/span><\/td><td bgcolor=\"e1e1e1\" width=\"54%\">\u00a0<\/td><\/tr><tr><td align=\"left\" bgcolor=\"white\" width=\"46%\"><span class=\"tema2\">1\u00ba Secret\u00e1rio: Adailton Barbosa Lopes<\/span><\/td><td class=\"tema2\" bgcolor=\"white\" width=\"54%\">2\u00ba Secret\u00e1rio: Ricardo Lopes de Meira Barbosa<\/td><\/tr><tr><td align=\"left\" bgcolor=\"e1e1e1\" width=\"46%\"><span style=\"font-family: Arial,Helvetica;\"><span class=\"style1\">Tesoureiro: Dalmo Cavalcante Ten\u00f3rio<\/span><\/span><\/td><td bgcolor=\"e1e1e1\" width=\"54%\">\u00a0<\/td><\/tr><tr><td class=\"tema2\" align=\"left\" bgcolor=\"white\" width=\"46%\">1\u00ba Tesoureiro: Nilson Agra de Albuquerque<\/td><td class=\"tema2\" bgcolor=\"white\" width=\"54%\">2\u00ba Tesoureiro: Morgana Maria de Almeida Tavares<\/td><\/tr><tr><td align=\"left\" bgcolor=\"e1e1e1\" width=\"46%\">\u00a0<\/td><td bgcolor=\"e1e1e1\" width=\"54%\">\u00a0<\/td><\/tr><tr><td align=\"left\" bgcolor=\"white\" width=\"46%\" height=\"20\">\u00a0<\/td><td bgcolor=\"white\" width=\"54%\">\u00a0<\/td><\/tr><tr bgcolor=\"#D0EAD2\"><td class=\"barr_titulos\" colspan=\"2\" align=\"left\">Conselho Fiscal<\/td><\/tr><tr><td class=\"tema2\" align=\"left\" bgcolor=\"white\">Titulares:<\/td><td class=\"tema2\" bgcolor=\"white\">Suplentes:<\/td><\/tr><tr><td align=\"left\" valign=\"top\" bgcolor=\"e1e1e1\" width=\"46%\">Manoel Iran Vilar Malta<br \/>Ant\u00f4nio de Lisboa Costa Amorim<br \/>Severino Louren\u00e7o da Silva<\/td><td align=\"left\" valign=\"top\" bgcolor=\"e1e1e1\" width=\"54%\">\u00c1lvaro Ot\u00e1vio Vieira Machado<br \/>L\u00eanison Correia Barros<br \/>Carlos Ant\u00f4nio de Moraes e Lima<\/td><\/tr><tr><td align=\"left\" valign=\"top\">\u00a0<\/td><td align=\"left\" valign=\"top\">\u00a0<\/td><\/tr><tr bgcolor=\"#D0EAD2\"><td class=\"barr_titulos\" colspan=\"2\" align=\"left\">Delegados representantes junto \u00e0 Confedera\u00e7\u00e3o da Agricultura e Pecu\u00e1ria do Brasil &#8211; CNA<\/td><\/tr><tr><td align=\"left\" bgcolor=\"white\">\u00a0<\/td><td bgcolor=\"white\">\u00a0<\/td><\/tr><tr><td class=\"tema2\" align=\"left\" bgcolor=\"white\" width=\"46%\">Titular:<\/td><td class=\"tema2\" bgcolor=\"white\" width=\"54%\">Suplente:<\/td><\/tr><tr><td align=\"left\" bgcolor=\"e1e1e1\" width=\"46%\"><span style=\"font-family: Arial,Helvetica;\">\u00c1lvaro Arthur Lopes de Almeida<\/span><\/td><td bgcolor=\"e1e1e1\" width=\"54%\"><span style=\"font-family: Arial,Helvetica;\">Francisco Edilson Maia da Costa<\/span><\/td><\/tr><tr><td colspan=\"2\" align=\"left\" bgcolor=\"white\"><p align=\"center\"><span style=\"color: #ffffff; font-family: Arial;\"><strong>SERVI\u00c7O NACIONAL DE APRENDIZAGEM RURAL &#8211; SENAR\/AR\/AL<\/strong><\/span><\/p><\/td><\/tr><\/tbody><\/table><p>R<\/p>\t\t\t\t\t\t\t\t<\/div>\n\t\t\t\t<\/div>\n\t\t\t\t\t<\/div>\n\t\t<\/div>\n\t\t\t\t\t<\/div>\n\t\t<\/section>\n\t\t\t\t<\/div>\n\t\t","protected":false},"excerpt":{"rendered":"<p>Diretoria da Faeal &#8211; quadri\u00eanio 2022\/2026 \u00a0 Presidente: Vice: \u00c1lvaro Arthur Lopes de Almeida 1\u00ba Francisco Edilson Maia da Costa2\u00ba Murilo Rezende3\u00ba Luiz Alves Ribeiro4\u00ba Andr\u00e9 Gama Ramalho \u00a0 \u00a0 Secret\u00e1rio: Nielson Correia Barros \u00a0 1\u00ba Secret\u00e1rio: Adailton Barbosa Lopes 2\u00ba Secret\u00e1rio: Ricardo Lopes de Meira Barbosa Tesoureiro: Dalmo Cavalcante Ten\u00f3rio \u00a0 1\u00ba Tesoureiro: Nilson [&hellip;]<\/p>\n","protected":false},"author":1,"featured_media":0,"parent":0,"menu_order":0,"comment_status":"closed","ping_status":"closed","template":"","meta":{"_acf_changed":false,"footnotes":""},"class_list":["post-1269","page","type-page","status-publish","hentry"],"acf":[],"_links":{"self":[{"href":"https:\/\/sistemafaeal.org.br\/faeal\/wp-json\/wp\/v2\/pages\/1269","targetHints":{"allow":["GET"]}}],"collection":[{"href":"https:\/\/sistemafaeal.org.br\/faeal\/wp-json\/wp\/v2\/pages"}],"about":[{"href":"https:\/\/sistemafaeal.org.br\/faeal\/wp-json\/wp\/v2\/types\/page"}],"author":[{"embeddable":true,"href":"https:\/\/sistemafaeal.org.br\/faeal\/wp-json\/wp\/v2\/users\/1"}],"replies":[{"embeddable":true,"href":"https:\/\/sistemafaeal.org.br\/faeal\/wp-json\/wp\/v2\/comments?post=1269"}],"version-history":[{"count":8,"href":"https:\/\/sistemafaeal.org.br\/faeal\/wp-json\/wp\/v2\/pages\/1269\/revisions"}],"predecessor-version":[{"id":2620,"href":"https:\/\/sistemafaeal.org.br\/faeal\/wp-json\/wp\/v2\/pages\/1269\/revisions\/2620"}],"wp:attachment":[{"href":"https:\/\/sistemafaeal.org.br\/faeal\/wp-json\/wp\/v2\/media?parent=1269"}],"curies":[{"name":"wp","href":"https:\/\/api.w.org\/{rel}","templated":true}]}}