{"id":1267,"date":"2021-09-23T21:40:16","date_gmt":"2021-09-24T00:40:16","guid":{"rendered":"https:\/\/sistemafaeal.org.br\/faeal\/?page_id=1267"},"modified":"2025-11-26T17:07:40","modified_gmt":"2025-11-26T20:07:40","slug":"sindicatos","status":"publish","type":"page","link":"https:\/\/sistemafaeal.org.br\/faeal\/sindicatos\/","title":{"rendered":"Sindicatos"},"content":{"rendered":"<table border=\"1\" width=\"529\" cellspacing=\"8\" cellpadding=\"4\" align=\"center\">\n<tbody>\n<tr>\n<td colspan=\"2\" valign=\"top\">\n<table border=\"0\" width=\"529\" cellspacing=\"0\" cellpadding=\"3\" align=\"center\" bgcolor=\"#D0EAD2\">\n<tbody>\n<tr>\n<td align=\"left\" valign=\"middle\" width=\"557\"><span class=\"style1\"><span style=\"font-family: Arial, Helvetica, sans-serif; font-size: small;\">Sindicatos Filiados \u00e0 Faeal<\/span><\/span><\/td>\n<\/tr>\n<\/tbody>\n<\/table>\n<\/td>\n<\/tr>\n<tr>\n<td valign=\"top\"><span style=\"font-family: Arial, Helvetica, sans-serif; font-size: small;\"><b>Sindicato Rural de Arapiraca<\/b><\/span><\/p>\n<p><span style=\"font-family: Arial, Helvetica, sans-serif; font-size: small;\">Largo Dom Fernando Gomes, 26<br \/>\nArapiraca\/AL<br \/>\nCep: 57.300-000<br \/>\nFone: (82) 3521-1889\/3521-2505<br \/>\ne-mail:\u00a0<a href=\"mailto:sra@oops.com.br\">sra@oops.com.br<\/a><\/p>\n<p><\/span><\/td>\n<td valign=\"top\"><span style=\"font-family: Arial, Helvetica, sans-serif; font-size: small;\"><b>Sindicato Rural de Atalaia<\/b><\/span><\/p>\n<p><span style=\"font-family: Arial, Helvetica, sans-serif; font-size: small;\">Rua Cel. Jo\u00e3o Ten\u00f3rio, s\/n<br \/>\nAtalaia\/AL<br \/>\nCep: 57.690-000<br \/>\nFone: (82) 3264-1442<br \/>\n<\/span><\/td>\n<\/tr>\n<tr>\n<td valign=\"top\"><\/td>\n<td valign=\"top\"><\/td>\n<\/tr>\n<tr>\n<td valign=\"top\" width=\"243\"><span style=\"font-family: Arial, Helvetica, sans-serif; font-size: small;\"><b>Sindicato Rural de Capela<\/b><\/span><\/p>\n<p><span style=\"font-family: Arial, Helvetica, sans-serif; font-size: small;\">Av. Robson Medeiros de Melo, 741<br \/>\nCapela\/AL<br \/>\nCep: 57.780-000<br \/>\nFone: (82) 3287-1270\/3287-1691<br \/>\ne-mail:\u00a0<a href=\"mailto:srcapela@sidon.com.br\">srcapela@sidon.com.br<\/a><\/p>\n<p><\/span><\/td>\n<td valign=\"top\" width=\"268\"><span style=\"font-family: Arial, Helvetica, sans-serif; font-size: small;\"><b>Sindicato Rural de Coruripe<\/b><\/span><\/p>\n<p><span style=\"font-family: Arial, Helvetica, sans-serif; font-size: small;\">Rua do Sol, 244 &#8211; Centro<br \/>\nCoruripe\/AL<br \/>\nCep: 57.230-000<br \/>\nFone: (82) 3273-1050<\/p>\n<p><\/span><\/td>\n<\/tr>\n<tr>\n<td valign=\"top\" width=\"243\"><span style=\"font-family: Arial, Helvetica, sans-serif; font-size: small;\">\u00a0<\/span><\/td>\n<td valign=\"top\" width=\"268\"><span style=\"font-family: Arial, Helvetica, sans-serif; font-size: small;\">\u00a0<\/span><\/td>\n<\/tr>\n<tr>\n<td valign=\"top\" width=\"243\"><span style=\"font-family: Arial, Helvetica, sans-serif; font-size: small;\"><b>Sindicato Rural de Junqueiro<\/b><\/span><\/p>\n<p><span style=\"font-family: Arial, Helvetica, sans-serif; font-size: small;\">Rua Floriano Peixoto, 111<br \/>\nJunqueiro\/AL<br \/>\nCep: 57.270-000<br \/>\nFone: (82) 3541-1346<\/p>\n<p><\/span><\/td>\n<td valign=\"top\" width=\"268\"><span style=\"font-family: Arial, Helvetica, sans-serif; font-size: small;\"><b>Sindicato Rural de Macei\u00f3<\/b><\/span><\/p>\n<p><span style=\"font-family: Arial, Helvetica, sans-serif; font-size: small;\">Rua Dr. Rocha Cavalcante, 161<br \/>\nMacei\u00f3\/AL<br \/>\nCep: 57.022-290<br \/>\nFone: (82) 3327-0949<\/p>\n<p><\/span><\/td>\n<\/tr>\n<tr>\n<td valign=\"top\" width=\"243\"><span style=\"font-family: Arial, Helvetica, sans-serif; font-size: small;\">\u00a0<\/span><\/td>\n<td valign=\"top\" width=\"268\"><span style=\"font-family: Arial, Helvetica, sans-serif; font-size: small;\">\u00a0<\/span><\/td>\n<\/tr>\n<tr>\n<td valign=\"top\" width=\"243\"><span style=\"font-family: Arial, Helvetica, sans-serif; font-size: small;\"><b>Sindicato Rural de Mar Vermelho<\/b><\/span><\/p>\n<p><span style=\"font-family: Arial, Helvetica, sans-serif; font-size: small;\">Rua Cel. \u00c1lvaro Almeida &#8211; s\/n<br \/>\nMar Vermelho\/AL<br \/>\nCep: 57.730-000<br \/>\n<\/span><\/td>\n<td valign=\"top\" width=\"268\"><span style=\"font-family: Arial, Helvetica, sans-serif; font-size: small;\"><b>Sindicato Rural de Mata Grande<\/b><\/span><\/p>\n<p><span style=\"font-family: Arial, Helvetica, sans-serif; font-size: small;\">Rua Ant\u00f4nio Brand\u00e3o, 62<br \/>\nMata Grande\/AL<br \/>\nCep: 57.540-000<br \/>\nFone: (82) 3642-1636<br \/>\n<\/span><\/td>\n<\/tr>\n<tr>\n<td valign=\"top\" width=\"243\"><span style=\"font-family: Arial, Helvetica, sans-serif; font-size: small;\">\u00a0<\/span><\/td>\n<td valign=\"top\" width=\"268\"><span style=\"font-family: Arial, Helvetica, sans-serif; font-size: small;\">\u00a0<\/span><\/td>\n<\/tr>\n<tr>\n<td valign=\"top\" width=\"243\"><span style=\"font-family: Arial, Helvetica, sans-serif; font-size: small;\"><b>Sindicato Rural de Palmeira dos \u00cdndios<\/b><\/span><\/p>\n<p><span style=\"font-family: Arial, Helvetica, sans-serif; font-size: small;\">Rua Duque de Caxias, 236<br \/>\nPalmeira dos \u00cdndios\/AL<br \/>\nCep: 57600-970<br \/>\nFone: (82) 3421-2437\/3421-2099<\/p>\n<p><\/span><\/td>\n<td valign=\"top\" width=\"268\"><span style=\"font-family: Arial, Helvetica, sans-serif; font-size: small;\"><b>Sindicato Rural de P\u00e3o de A\u00e7\u00facar<\/b><\/span><\/p>\n<p>Rua Ferreira Novaes de Castro , s\/n<br \/>\nP\u00e3o de A\u00e7\u00facar\/AL<br \/>\nCep: 57.400-000<br \/>\nFone: (82) 3642 -1053<\/td>\n<\/tr>\n<tr>\n<td valign=\"top\" width=\"243\"><span style=\"font-family: Arial, Helvetica, sans-serif; font-size: small;\">\u00a0<\/span><\/td>\n<td valign=\"top\" width=\"268\"><span style=\"font-family: Arial, Helvetica, sans-serif; font-size: small;\">\u00a0<\/span><\/td>\n<\/tr>\n<tr>\n<td valign=\"top\" width=\"268\"><span style=\"font-family: Arial, Helvetica, sans-serif; font-size: small;\"><strong>Sindicato Rural de Penedo<\/strong><\/span><\/p>\n<p>Rua Ulisses Batinga, 205 AL &#8211; 02\/04<br \/>\nCentro, Penedo\/AL<br \/>\nFone: 3551-3890\/3551-2834\/ 9975-1040<br \/>\nCep: 57.200-000<\/p>\n<p>&nbsp;<\/td>\n<td valign=\"top\" width=\"243\"><span style=\"font-family: Arial, Helvetica, sans-serif; font-size: small;\"><b>Sindicato Rural de Porto Calvo<\/b><\/span><\/p>\n<p>Rua Travessa 15 de novembro, 137<br \/>\nPorto Calvo\/AL<br \/>\nCep: 57.900-000<br \/>\nFone: (82) 3292-1541 \/ 3666-1203<\/td>\n<\/tr>\n<tr>\n<td valign=\"top\" width=\"243\"><span style=\"font-family: Arial, Helvetica, sans-serif; font-size: small;\">\u00a0<\/span><\/td>\n<td valign=\"top\" width=\"268\"><span style=\"font-family: Arial, Helvetica, sans-serif; font-size: small;\">\u00a0<\/span><\/td>\n<\/tr>\n<tr>\n<td valign=\"top\" width=\"268\"><span style=\"font-family: Arial, Helvetica, sans-serif; font-size: small;\"><b>Sindicato Rural de Santana do Ipanema<\/b><\/span><\/p>\n<p>Rua Cel. Lucena, s\/n<span style=\"font-family: Arial, Helvetica, sans-serif; font-size: small;\"><br \/>\nSantana do Ipanema\/AL<br \/>\nCep: 57.500-000<br \/>\nFone: (82) 3621-1409\/ FAX: 3621-1310<\/p>\n<p><\/span><\/td>\n<td valign=\"top\" width=\"243\"><span style=\"font-family: Arial, Helvetica, sans-serif; font-size: small;\"><b>Sindicato Rural de S\u00e3o Luiz do Quitunde<\/b><\/span><\/p>\n<p><span style=\"font-family: Arial, Helvetica, sans-serif; font-size: small;\">Rua Dr. Fernando Sarmento, 346<br \/>\nS\u00e3o Luiz do Quitunde\/AL<br \/>\nCep: 57.920-000<br \/>\nFone: (82) 3254-1211<\/p>\n<p><\/span><\/td>\n<\/tr>\n<tr>\n<td valign=\"top\" width=\"243\"><span style=\"font-family: Arial, Helvetica, sans-serif; font-size: small;\">\u00a0<\/span><\/td>\n<td valign=\"top\" width=\"268\"><span style=\"font-family: Arial, Helvetica, sans-serif; font-size: small;\">\u00a0<\/span><\/td>\n<\/tr>\n<tr>\n<td valign=\"top\" width=\"268\"><span style=\"font-family: Arial, Helvetica, sans-serif; font-size: small;\"><b>Sindicato Rural de S\u00e3o Miguel dos Campos<\/b><\/span><\/p>\n<p>Rua Jos\u00e9 Calazans \u2013 Cx. Postal 63 \u2013 S. Miguel dos Campos &#8211; Alagoas<br \/>\nCOSTA<br \/>\nCEP: 57240-000<br \/>\nFone: (82) 3271-2110<br \/>\ne-mail: sinrural@somenet.com.br<\/td>\n<td valign=\"top\" width=\"243\"><span style=\"font-family: Arial, Helvetica, sans-serif; font-size: small;\"><b>Sindicato Rural de Vi\u00e7osa<\/b><\/span><\/p>\n<p><span style=\"font-family: Arial, Helvetica, sans-serif; font-size: small;\">Rua Frederico Maia, s\/n &#8211; Vi\u00e7osa\/AL<br \/>\nCep: 57.700-000<br \/>\nFone: (82) 3283-1166<\/p>\n<p><\/span><\/td>\n<\/tr>\n<tr>\n<td valign=\"top\" width=\"243\"><span style=\"font-family: Arial, Helvetica, sans-serif; font-size: small;\">\u00a0<\/span><\/td>\n<td valign=\"top\" width=\"268\"><span style=\"font-family: Arial, Helvetica, sans-serif; font-size: small;\">\u00a0<\/span><\/td>\n<\/tr>\n<tr>\n<td colspan=\"2\" valign=\"top\">\n<table border=\"0\" width=\"529\" cellspacing=\"2\" cellpadding=\"4\" align=\"center\" bgcolor=\"#000000\">\n<tbody>\n<tr>\n<td align=\"left\" valign=\"middle\" width=\"557\"><span style=\"color: #ffffff; font-family: Arial, Helvetica, sans-serif; font-size: small;\"><strong>Outras Entidades do Setor Produtivo Rural de Alagoas<\/strong><\/span><\/td>\n<\/tr>\n<\/tbody>\n<\/table>\n<\/td>\n<\/tr>\n<tr>\n<td valign=\"top\" bgcolor=\"#E1E1E1\" width=\"243\" height=\"206\"><span style=\"font-family: Arial, Helvetica, sans-serif; font-size: small;\"><b>Associa\u00e7\u00e3o dos Plantadores de Cana de Alagoas &#8211; ASPLANA<\/b><\/span><\/p>\n<p><span style=\"font-family: Arial, Helvetica, sans-serif; font-size: small;\">Rua S\u00e1 e Albuquerque, 502 Jaragu\u00e1 &#8211; Macei\u00f3\/AL<br \/>\nCep: 57.024-180<br \/>\nFone: (82) 3326-4788<br \/>\nFax: (82) 3221-7404<br \/>\nPresidente: LOUREN\u00c7O LOPES<\/span><\/td>\n<td valign=\"top\" bgcolor=\"#E1E1E1\" width=\"268\"><span style=\"font-family: Arial, Helvetica, sans-serif; font-size: small;\"><b>Cooperativa de Cr\u00e9dito dos Plantadores de Cana de Alagoas &#8211; COPLAN<\/b><\/span><\/p>\n<p><span style=\"font-family: Arial, Helvetica, sans-serif; font-size: small;\">Rua S\u00e1 e Albuquerque, 636<br \/>\nJaragu\u00e1 &#8211; Macei\u00f3\/AL<br \/>\nCep: 57.025-180<br \/>\nFone: (82) 3221-9292<br \/>\nPresidente: FERNANDO OLIVEIRA DE ROSS\u00cdTER CORREIA<\/span><\/td>\n<\/tr>\n<tr>\n<td valign=\"top\" width=\"243\"><span style=\"font-family: Arial, Helvetica, sans-serif; font-size: small;\">\u00a0<\/span><\/td>\n<td valign=\"top\" width=\"268\"><span style=\"font-family: Arial, Helvetica, sans-serif; font-size: small;\">\u00a0<\/span><\/td>\n<\/tr>\n<tr>\n<td valign=\"top\" bgcolor=\"#E1E1E1\" width=\"243\"><span style=\"font-family: Arial, Helvetica, sans-serif; font-size: small;\"><b>Associa\u00e7\u00e3o dos Agropecuaristas da Regi\u00e3o Norte &#8211; AGRONAL<\/b><br \/>\nParque da Pecu\u00e1ria &#8211; Av. Siqueira Campos, Prado, Macei\u00f3\/AL<br \/>\n<\/span><span style=\"font-family: Arial, Helvetica, sans-serif; font-size: small;\">Cep: 57.010-000<br \/>\nPresidente: RICARDO DE MEIRA BARBOSA<\/span>&nbsp;<\/td>\n<td valign=\"top\" bgcolor=\"#E1E1E1\" width=\"268\"><span style=\"font-family: Arial, Helvetica, sans-serif; font-size: small;\"><b>Associa\u00e7\u00e3o dos Criadores de Alagoas<\/b><br \/>\nEndere\u00e7o: Parque da Pecu\u00e1ria &#8211;<br \/>\n<\/span><span style=\"font-family: Arial, Helvetica, sans-serif; font-size: small;\">Av. Siqueira Campos s\/n, Prado, Macei\u00f3\/AL Cep: 57.010-000<br \/>\nPresidente: DOM\u00cdCIO JOS\u00c9 GREG\u00d3RIO ARRUDA SILVA<\/span><\/td>\n<\/tr>\n<tr>\n<td valign=\"top\" width=\"243\"><span style=\"font-family: Arial, Helvetica, sans-serif; font-size: small;\">\u00a0<\/span><\/td>\n<td valign=\"top\" width=\"268\"><span style=\"font-family: Arial, Helvetica, sans-serif; font-size: small;\">\u00a0<\/span><\/td>\n<\/tr>\n<tr>\n<td valign=\"top\" bgcolor=\"#E1E1E1\" width=\"243\"><span style=\"font-family: Arial, Helvetica, sans-serif; font-size: small;\"><b>Associa\u00e7\u00e3o dos Produtores de Coco de Alagoas &#8211; PROCOCO<\/b><br \/>\nAv. Humberto Mendes, 796 \u2013 S\/34 \u2013 Po\u00e7o<br \/>\nCep: 57.000-000<br \/>\nPresidente: Eurico Uch\u00f4a<\/span><\/td>\n<td valign=\"top\" bgcolor=\"#E1E1E1\" width=\"268\"><span style=\"font-family: Arial, Helvetica, sans-serif; font-size: small;\"><strong>N\u00facleo Criador de Gado Girolando<\/strong><br \/>\nParque da Pecu\u00e1ria &#8211; Av. Siqueira Campos, Prado, Macei\u00f3\/AL<br \/>\n<\/span><span style=\"font-family: Arial, Helvetica, sans-serif; font-size: small;\">Cep: 57.010-000<br \/>\nPresidente: RICARDO DE MEIRA BARBOSA<\/span><\/td>\n<\/tr>\n<tr>\n<td valign=\"top\"><\/td>\n<td valign=\"top\"><\/td>\n<\/tr>\n<tr>\n<td valign=\"top\" bgcolor=\"#E1E1E1\"><span style=\"font-family: Arial, Helvetica, sans-serif; font-size: small;\"><b>Sindicato Rural dos Produtores de Leite de Alagoas &#8211; Sindileite<\/b><br \/>\nEndere\u00e7o: Parque da Pecu\u00e1ria &#8211;<br \/>\nAv. Siqueira Campos, Prado, Macei\u00f3\/AL Cep: 57.010-000<br \/>\nPresidente: ANDR\u00c9 RAMALHO<\/span><\/td>\n<td valign=\"top\"><\/td>\n<\/tr>\n<\/tbody>\n<\/table>\n","protected":false},"excerpt":{"rendered":"<p>Sindicatos Filiados \u00e0 Faeal Sindicato Rural de Arapiraca Largo Dom Fernando Gomes, 26 Arapiraca\/AL Cep: 57.300-000 Fone: (82) 3521-1889\/3521-2505 e-mail:\u00a0sra@oops.com.br Sindicato Rural de Atalaia Rua Cel. Jo\u00e3o Ten\u00f3rio, s\/n Atalaia\/AL Cep: 57.690-000 Fone: (82) 3264-1442 Sindicato Rural de Capela Av. Robson Medeiros de Melo, 741 Capela\/AL Cep: 57.780-000 Fone: (82) 3287-1270\/3287-1691 e-mail:\u00a0srcapela@sidon.com.br Sindicato Rural de [&hellip;]<\/p>\n","protected":false},"author":1,"featured_media":0,"parent":0,"menu_order":0,"comment_status":"closed","ping_status":"closed","template":"","meta":{"_acf_changed":false,"footnotes":""},"class_list":["post-1267","page","type-page","status-publish","hentry"],"acf":[],"_links":{"self":[{"href":"https:\/\/sistemafaeal.org.br\/faeal\/wp-json\/wp\/v2\/pages\/1267","targetHints":{"allow":["GET"]}}],"collection":[{"href":"https:\/\/sistemafaeal.org.br\/faeal\/wp-json\/wp\/v2\/pages"}],"about":[{"href":"https:\/\/sistemafaeal.org.br\/faeal\/wp-json\/wp\/v2\/types\/page"}],"author":[{"embeddable":true,"href":"https:\/\/sistemafaeal.org.br\/faeal\/wp-json\/wp\/v2\/users\/1"}],"replies":[{"embeddable":true,"href":"https:\/\/sistemafaeal.org.br\/faeal\/wp-json\/wp\/v2\/comments?post=1267"}],"version-history":[{"count":3,"href":"https:\/\/sistemafaeal.org.br\/faeal\/wp-json\/wp\/v2\/pages\/1267\/revisions"}],"predecessor-version":[{"id":2621,"href":"https:\/\/sistemafaeal.org.br\/faeal\/wp-json\/wp\/v2\/pages\/1267\/revisions\/2621"}],"wp:attachment":[{"href":"https:\/\/sistemafaeal.org.br\/faeal\/wp-json\/wp\/v2\/media?parent=1267"}],"curies":[{"name":"wp","href":"https:\/\/api.w.org\/{rel}","templated":true}]}}